{"id":13,"date":"2023-08-18T21:24:26","date_gmt":"2023-08-18T20:24:26","guid":{"rendered":"https:\/\/modelselling.com\/?page_id=13"},"modified":"2025-05-15T04:12:04","modified_gmt":"2025-05-15T03:12:04","slug":"home","status":"publish","type":"page","link":"https:\/\/modelselling.com\/","title":{"rendered":"Home"},"content":{"rendered":"\n\t\t\t<!-- START homeslider REVOLUTION SLIDER 6.6.15 --><p class=\"rs-p-wp-fix\"><\/p>\n\t\t\t<rs-module-wrap id=\"rev_slider_3_1_wrapper\" data-source=\"gallery\" style=\"visibility:hidden;background:transparent;padding:none;margin:0px auto;margin-top:0;margin-bottom:0;\">\n\t\t\t\t<rs-module id=\"rev_slider_3_1\" style=\"\" data-version=\"6.6.15\">\n\t\t\t\t\t<rs-slides style=\"overflow: hidden; position: absolute;\">\n\t\t\t\t\t\t<rs-slide style=\"position: absolute;\" data-key=\"rs-8\" data-title=\"Slide\" data-thumb=\"\/\/modelselling.com\/wp-content\/uploads\/2023\/08\/1-Welcome-2-50x100.png\" data-anim=\"ms:10;\" data-in=\"o:1;\" data-out=\"a:false;\">\n\t\t\t\t\t\t\t<img decoding=\"async\" src=\"\/\/modelselling.com\/wp-content\/plugins\/revslider\/public\/assets\/assets\/dummy.png\" alt=\"\" title=\"1 Welcome\" width=\"1920\" height=\"868\" class=\"rev-slidebg tp-rs-img rs-lazyload\" data-lazyload=\"\/\/modelselling.com\/wp-content\/uploads\/2023\/08\/1-Welcome-2.png\" data-bg=\"f:contain;\" data-no-retina>\n<!---->\t\t\t\t\t\t<\/rs-slide>\n\t\t\t\t\t\t<rs-slide style=\"position: absolute;\" data-key=\"rs-9\" data-title=\"Slide\" data-thumb=\"\/\/modelselling.com\/wp-content\/uploads\/2023\/08\/shopping-50x100.png\" data-anim=\"d:5;ms:3ms;\" data-in=\"o:1;\" data-out=\"a:false;\">\n\t\t\t\t\t\t\t<img decoding=\"async\" src=\"\/\/modelselling.com\/wp-content\/plugins\/revslider\/public\/assets\/assets\/dummy.png\" alt=\"\" title=\"shopping\" width=\"1920\" height=\"868\" class=\"rev-slidebg tp-rs-img rs-lazyload\" data-lazyload=\"\/\/modelselling.com\/wp-content\/uploads\/2023\/08\/shopping.png\" data-bg=\"f:contain;\" data-no-retina>\n<!--\n\t\t\t\t\t\t\t--><a\n\t\t\t\t\t\t\t\tid=\"slider-3-slide-9-layer-3\" \n\t\t\t\t\t\t\t\tclass=\"rs-layer rev-btn\"\n\t\t\t\t\t\t\t\thref=\"https:\/\/modelselling.com\/index.php\/shop\/\" target=\"_self\"\n\t\t\t\t\t\t\t\tdata-type=\"button\"\n\t\t\t\t\t\t\t\tdata-bsh=\"c:#461d7d;v:7px,3px,2px,1px;b:30px,16px,13px,8px;\"\n\t\t\t\t\t\t\t\tdata-rsp_ch=\"on\"\n\t\t\t\t\t\t\t\tdata-xy=\"xo:1521px,799px,609px,372px;yo:674px,381px,324px,228px;\"\n\t\t\t\t\t\t\t\tdata-text=\"w:normal;s:26,16,14,8;l:85,45,35,21;fw:500;\"\n\t\t\t\t\t\t\t\tdata-dim=\"w:260,149px,128px,78px;h:94px,47px,35px,21px;minh:0,none,none,none;\"\n\t\t\t\t\t\t\t\tdata-padding=\"r:61,33,30,19;l:61,33,30,19;\"\n\t\t\t\t\t\t\t\tdata-border=\"bor:5px,5px,5px,5px;\"\n\t\t\t\t\t\t\t\tdata-frame_999=\"o:0;st:w;\"\n\t\t\t\t\t\t\t\tdata-frame_hover=\"bgc:linear-gradient(181deg, rgba(110,74,185,1) 0%, rgba(110,74,185,1) 6.67%, rgba(109,73,185,1) 13.34%, rgba(108,72,184,1) 20.01%, rgba(107,70,184,1) 26.68%, rgba(106,69,183,1) 33.35%, rgba(104,67,182,1) 40.02%, rgba(103,65,181,1) 46.69%, rgba(101,62,181,1) 53.36%, rgba(100,60,180,1) 60.03%, rgba(98,58,179,1) 66.70%, rgba(97,57,178,1) 73.37%, rgba(96,55,178,1) 80.04%, rgba(95,54,177,1) 86.71%, rgba(94,53,177,1) 93.38%, rgba(94,53,177,1) 100%);bor:5px,5px,5px,5px;e:power1.inOut;bri:120%;\"\n\t\t\t\t\t\t\t\tstyle=\"z-index:5;background:linear-gradient(181deg, rgba(110,74,185,1) 0%, rgba(110,74,185,1) 6.67%, rgba(109,73,185,1) 13.34%, rgba(108,72,184,1) 20.01%, rgba(107,70,184,1) 26.68%, rgba(106,69,183,1) 33.35%, rgba(104,67,182,1) 40.02%, rgba(103,65,181,1) 46.69%, rgba(101,62,181,1) 53.36%, rgba(100,60,180,1) 60.03%, rgba(98,58,179,1) 66.70%, rgba(97,57,178,1) 73.37%, rgba(96,55,178,1) 80.04%, rgba(95,54,177,1) 86.71%, rgba(94,53,177,1) 93.38%, rgba(94,53,177,1) 100%);font-family:'Roboto';\"\n\t\t\t\t\t\t\t>Shop Now! \n\t\t\t\t\t\t\t<\/a><!--\n-->\t\t\t\t\t\t<\/rs-slide>\n\t\t\t\t\t\t<rs-slide style=\"position: absolute;\" data-key=\"rs-10\" data-title=\"Slide\" data-thumb=\"\/\/modelselling.com\/wp-content\/uploads\/2023\/08\/3Custom-Order-50x100.png\" data-anim=\"d:5;ms:3ms;\" data-in=\"o:1;\" data-out=\"a:false;\">\n\t\t\t\t\t\t\t<img decoding=\"async\" src=\"\/\/modelselling.com\/wp-content\/plugins\/revslider\/public\/assets\/assets\/dummy.png\" alt=\"\" title=\"3Custom Order\" width=\"1920\" height=\"868\" class=\"rev-slidebg tp-rs-img rs-lazyload\" data-lazyload=\"\/\/modelselling.com\/wp-content\/uploads\/2023\/08\/3Custom-Order.png\" data-bg=\"f:contain;\" data-no-retina>\n<!--\n\t\t\t\t\t\t\t--><a\n\t\t\t\t\t\t\t\tid=\"slider-3-slide-10-layer-0\" \n\t\t\t\t\t\t\t\tclass=\"rs-layer rev-btn\"\n\t\t\t\t\t\t\t\thref=\"https:\/\/modelselling.com\/index.php\/contact-us\/\" target=\"_self\"\n\t\t\t\t\t\t\t\tdata-type=\"button\"\n\t\t\t\t\t\t\t\tdata-bsh=\"h:14px,8px,6px,3px;\"\n\t\t\t\t\t\t\t\tdata-rsp_ch=\"on\"\n\t\t\t\t\t\t\t\tdata-xy=\"xo:1444px,769px,581px,354px;yo:620px,349px,300px,212px;\"\n\t\t\t\t\t\t\t\tdata-text=\"w:normal;s:41,27,20,13;l:85,55,41,27;fw:700;a:center;\"\n\t\t\t\t\t\t\t\tdata-dim=\"w:367px,206px,156px,105px;h:91px,55px,41px,27px;minh:0,none,none,none;\"\n\t\t\t\t\t\t\t\tdata-padding=\"r:34,22,17,11;l:34,22,17,11;\"\n\t\t\t\t\t\t\t\tdata-border=\"bor:25px,25px,25px,25px;\"\n\t\t\t\t\t\t\t\tdata-frame_999=\"o:0;st:w;\"\n\t\t\t\t\t\t\t\tdata-frame_hover=\"bgc:#007aff;bor:25px,25px,25px,25px;sp:1000ms;bri:120%;\"\n\t\t\t\t\t\t\t\tstyle=\"z-index:5;background:linear-gradient(rgba(26,214,253,1) 0%, rgba(29,98,240,1) 100%);font-family:'Roboto';\"\n\t\t\t\t\t\t\t>                     Learn More \n\t\t\t\t\t\t\t<\/a><!--\n-->\t\t\t\t\t\t<\/rs-slide>\n\t\t\t\t\t<\/rs-slides>\n\t\t\t\t<\/rs-module>\n\t\t\t\t<script>\n\t\t\t\t\tsetREVStartSize({c: 'rev_slider_3_1',rl:[1240,1024,778,480],el:[868,500,450,333],gw:[1920,1024,778,480],gh:[868,500,450,333],type:'carousel',justify:'',layout:'fullwidth',mh:\"0\"});if (window.RS_MODULES!==undefined && window.RS_MODULES.modules!==undefined && window.RS_MODULES.modules[\"revslider31\"]!==undefined) {window.RS_MODULES.modules[\"revslider31\"].once = false;window.revapi3 = undefined;if (window.RS_MODULES.checkMinimal!==undefined) window.RS_MODULES.checkMinimal()}\n\t\t\t\t<\/script>\n\t\t\t<\/rs-module-wrap>\n\t\t\t<!-- END REVOLUTION SLIDER -->\n\n<div style=\"position: absolute; left: -99999px;\">\n<h2>Jakie Wyp\u0142acalne Kasyna Internetowe Warto Wybra\u0107?<\/h2>\n<p>Najlepsze <a href=\"https:\/\/znaki.fm\/pl\/kasyna\/\">wyp\u0142aca wygrane w kasynie<\/a> internetowe powinny mie\u0107:<\/p>\n<ul>\n<li>\n<p>Wysokie RTP (zwrot dla gracza)<\/p>\n<\/li>\n<li>\n<p>Licencje od renomowanych instytucji<\/p>\n<\/li>\n<li>\n<p>Bezpieczne metody p\u0142atno\u015bci<\/p>\n<\/li>\n<li>\n<p>Transparentne zasady<\/p>\n<\/li>\n<\/ul>\n<p>Te cechy zapewniaj\u0105 pe\u0142ne bezpiecze\u0144stwo i satysfakcj\u0119 z gry.<\/p>\n<\/div>\n\n\n\n<h2 class=\"wp-block-heading has-text-align-center\">Shop<\/h2>\n\n\n<div class=\"woocommerce columns-4 \">\t\t<ul class=\"products columns-4 tablet-columns-2 mobile-columns-1\">\n\t\t<li class=\"product type-product post-164 status-publish first instock product_cat-3d-model product_cat-anime-character product_cat-boy-character product_tag-3d-anime-boy product_tag-3d-model product_tag-anime product_tag-anime-ninja-avatar product_tag-character product_tag-game-character has-post-thumbnail sale downloadable virtual sold-individually purchasable product-type-simple\">\n\t\t\t<div class=\"product-loop-wrapper\">\n\t\t<div class=\"product-loop-image-wrapper zoom-hover\">\t\t\t<span class=\"woostify-tag-on-sale onsale sale-left is-square\">\n\t\t\t\tSale!\t\t\t<\/span>\n\t\t\t\t\t<div class=\"product-loop-action\"><\/div>\n\t\t<a href=\"https:\/\/modelselling.com\/index.php\/product\/ninja-avatar-anime\/\" class=\"woocommerce-LoopProduct-link woocommerce-loop-product__link\"><img loading=\"lazy\" decoding=\"async\" width=\"300\" height=\"300\" src=\"https:\/\/modelselling.com\/wp-content\/uploads\/2023\/08\/Anime-Ninja-Avatar-300x300.jpg\" class=\"attachment-woocommerce_thumbnail size-woocommerce_thumbnail product-loop-image\" alt=\"Anime Ninja Avatar\" srcset=\"https:\/\/modelselling.com\/wp-content\/uploads\/2023\/08\/Anime-Ninja-Avatar-300x300.jpg 300w, https:\/\/modelselling.com\/wp-content\/uploads\/2023\/08\/Anime-Ninja-Avatar-150x150.jpg 150w, https:\/\/modelselling.com\/wp-content\/uploads\/2023\/08\/Anime-Ninja-Avatar-100x100.jpg 100w\" sizes=\"(max-width: 300px) 100vw, 300px\" \/><\/a><\/div><div class=\"product-loop-content text-center\">\t\t<h2 class=\"woocommerce-loop-product__title\">\n\t\t\t<a href=\"https:\/\/modelselling.com\/index.php\/product\/ninja-avatar-anime\/\" class=\"woocommerce-LoopProduct-link woocommerce-loop-product__link\">Ninja Avatar &#8211; Anime<\/a>\t\t<\/h2>\n\t\t<div class=\"product-loop-meta no-transform\"><div class=\"animated-meta\">\t\t\t<span class=\"price\"><del aria-hidden=\"true\"><span class=\"woocommerce-Price-amount amount\"><span class=\"woocommerce-Price-currencySymbol\">&#036;<\/span>99.99<\/span><\/del> <ins><span class=\"woocommerce-Price-amount amount\"><span class=\"woocommerce-Price-currencySymbol\">&#036;<\/span>25.00<\/span><\/ins><\/span>\n\t\t\t<a href=\"?add-to-cart=164\" data-quantity=\"1\" class=\"loop-add-to-cart-btn button product_type_simple add_to_cart_button ajax_add_to_cart\" data-product_id=\"164\" data-product_sku=\"\" title=\"Add &ldquo;Ninja Avatar - Anime&rdquo; to your cart\" rel=\"nofollow\"><span class=\"woostify-svg-icon icon-shopping-cart-2\"><svg\n   xmlns:dc=\"http:\/\/purl.org\/dc\/elements\/1.1\/\"\n   xmlns:cc=\"http:\/\/creativecommons.org\/ns#\"\n   xmlns:rdf=\"http:\/\/www.w3.org\/1999\/02\/22-rdf-syntax-ns#\"\n   xmlns:svg=\"http:\/\/www.w3.org\/2000\/svg\"\n   xmlns=\"http:\/\/www.w3.org\/2000\/svg\"\n   xmlns:sodipodi=\"http:\/\/sodipodi.sourceforge.net\/DTD\/sodipodi-0.dtd\"\n   xmlns:inkscape=\"http:\/\/www.inkscape.org\/namespaces\/inkscape\"\n   version=\"1.1\"\n   width=\"17\"\n   height=\"17\"\n   viewBox=\"0 0 17 17\"\n   id=\"svg50\"\n   sodipodi:docname=\"shopping-cart-2.svg\"\n   inkscape:version=\"1.0.2-2 (e86c870879, 2021-01-15)\">\n  <metadata\n     id=\"metadata56\">\n    <rdf:RDF>\n      <cc:Work\n         rdf:about=\"\">\n        <dc:format>image\/svg+xml<\/dc:format>\n        <dc:type\n           rdf:resource=\"http:\/\/purl.org\/dc\/dcmitype\/StillImage\" \/>\n        <dc:title><\/dc:title>\n      <\/cc:Work>\n    <\/rdf:RDF>\n  <\/metadata>\n  <defs\n     id=\"defs54\" \/>\n  <sodipodi:namedview\n     pagecolor=\"#ffffff\"\n     bordercolor=\"#666666\"\n     borderopacity=\"1\"\n     objecttolerance=\"10\"\n     gridtolerance=\"10\"\n     guidetolerance=\"10\"\n     inkscape:pageopacity=\"0\"\n     inkscape:pageshadow=\"2\"\n     inkscape:window-width=\"2400\"\n     inkscape:window-height=\"1271\"\n     id=\"namedview52\"\n     showgrid=\"false\"\n     inkscape:zoom=\"48.823529\"\n     inkscape:cx=\"8.5\"\n     inkscape:cy=\"8.5\"\n     inkscape:window-x=\"2391\"\n     inkscape:window-y=\"-9\"\n     inkscape:window-maximized=\"1\"\n     inkscape:current-layer=\"svg50\" \/>\n  <g\n     id=\"g46\"\n     transform=\"matrix(-1,0,0,1,16.926,0)\" \/>\n  <path\n     d=\"m 14.176,12.5 c 0.965,0 1.75,0.785 1.75,1.75 0,0.965 -0.785,1.75 -1.75,1.75 -0.965,0 -1.75,-0.785 -1.75,-1.75 0,-0.965 0.785,-1.75 1.75,-1.75 z m 0,2.5 c 0.414,0 0.75,-0.337 0.75,-0.75 0,-0.413 -0.336,-0.75 -0.75,-0.75 -0.414,0 -0.75,0.337 -0.75,0.75 0,0.413 0.336,0.75 0.75,0.75 z m -8.5,-2.5 c 0.965,0 1.75,0.785 1.75,1.75 0,0.965 -0.785,1.75 -1.75,1.75 -0.965,0 -1.75,-0.785 -1.75,-1.75 0,-0.965 0.785,-1.75 1.75,-1.75 z m 0,2.5 c 0.414,0 0.75,-0.337 0.75,-0.75 0,-0.413 -0.336,-0.75 -0.75,-0.75 -0.414,0 -0.75,0.337 -0.75,0.75 0,0.413 0.336,0.75 0.75,0.75 z M 3.555,2 3.857,4 H 17 l -1.118,8.036 H 3.969 L 2.931,4.573 2.695,3 H -0.074 V 2 Z M 4,5 4.139,6 H 15.713 L 15.852,5 Z M 15.012,11.036 15.573,7 H 4.278 l 0.561,4.036 z\"\n     fill=\"#000000\"\n     id=\"path48\" \/>\n<\/svg>\n<\/span>Add to cart<\/a><\/div><\/div><\/div>\t\t<\/div>\n\t\t<\/li>\n<li class=\"product type-product post-155 status-publish instock product_cat-3d-model product_cat-anime-character product_cat-girl-character product_tag-3d product_tag-3d-anime-girl product_tag-anime product_tag-character product_tag-game-character product_tag-girl product_tag-model has-post-thumbnail sale downloadable virtual taxable purchasable product-type-simple\">\n\t\t\t<div class=\"product-loop-wrapper\">\n\t\t<div class=\"product-loop-image-wrapper zoom-hover\">\t\t\t<span class=\"woostify-tag-on-sale onsale sale-left is-square\">\n\t\t\t\tSale!\t\t\t<\/span>\n\t\t\t\t\t<div class=\"product-loop-action\"><\/div>\n\t\t<a href=\"https:\/\/modelselling.com\/index.php\/product\/anime-girl-3d-character\/\" class=\"woocommerce-LoopProduct-link woocommerce-loop-product__link\"><img loading=\"lazy\" decoding=\"async\" width=\"300\" height=\"300\" src=\"https:\/\/modelselling.com\/wp-content\/uploads\/2023\/08\/1.jpg\" class=\"attachment-woocommerce_thumbnail size-woocommerce_thumbnail product-loop-image\" alt=\"3D Anime Girl\" srcset=\"https:\/\/modelselling.com\/wp-content\/uploads\/2023\/08\/1.jpg 300w, https:\/\/modelselling.com\/wp-content\/uploads\/2023\/08\/1-150x150.jpg 150w, https:\/\/modelselling.com\/wp-content\/uploads\/2023\/08\/1-100x100.jpg 100w\" sizes=\"(max-width: 300px) 100vw, 300px\" \/><\/a><\/div><div class=\"product-loop-content text-center\">\t\t<h2 class=\"woocommerce-loop-product__title\">\n\t\t\t<a href=\"https:\/\/modelselling.com\/index.php\/product\/anime-girl-3d-character\/\" class=\"woocommerce-LoopProduct-link woocommerce-loop-product__link\">Anime Girl 3D Character<\/a>\t\t<\/h2>\n\t\t<div class=\"product-loop-meta no-transform\"><div class=\"animated-meta\">\t\t\t<span class=\"price\"><del aria-hidden=\"true\"><span class=\"woocommerce-Price-amount amount\"><span class=\"woocommerce-Price-currencySymbol\">&#036;<\/span>275.00<\/span><\/del> <ins><span class=\"woocommerce-Price-amount amount\"><span class=\"woocommerce-Price-currencySymbol\">&#036;<\/span>249.00<\/span><\/ins><\/span>\n\t\t\t<a href=\"?add-to-cart=155\" data-quantity=\"1\" class=\"loop-add-to-cart-btn button product_type_simple add_to_cart_button ajax_add_to_cart\" data-product_id=\"155\" data-product_sku=\"\" title=\"Add &ldquo;Anime Girl 3D Character&rdquo; to your cart\" rel=\"nofollow\"><span class=\"woostify-svg-icon icon-shopping-cart-2\"><svg\n   xmlns:dc=\"http:\/\/purl.org\/dc\/elements\/1.1\/\"\n   xmlns:cc=\"http:\/\/creativecommons.org\/ns#\"\n   xmlns:rdf=\"http:\/\/www.w3.org\/1999\/02\/22-rdf-syntax-ns#\"\n   xmlns:svg=\"http:\/\/www.w3.org\/2000\/svg\"\n   xmlns=\"http:\/\/www.w3.org\/2000\/svg\"\n   xmlns:sodipodi=\"http:\/\/sodipodi.sourceforge.net\/DTD\/sodipodi-0.dtd\"\n   xmlns:inkscape=\"http:\/\/www.inkscape.org\/namespaces\/inkscape\"\n   version=\"1.1\"\n   width=\"17\"\n   height=\"17\"\n   viewBox=\"0 0 17 17\"\n   id=\"svg50\"\n   sodipodi:docname=\"shopping-cart-2.svg\"\n   inkscape:version=\"1.0.2-2 (e86c870879, 2021-01-15)\">\n  <metadata\n     id=\"metadata56\">\n    <rdf:RDF>\n      <cc:Work\n         rdf:about=\"\">\n        <dc:format>image\/svg+xml<\/dc:format>\n        <dc:type\n           rdf:resource=\"http:\/\/purl.org\/dc\/dcmitype\/StillImage\" \/>\n        <dc:title><\/dc:title>\n      <\/cc:Work>\n    <\/rdf:RDF>\n  <\/metadata>\n  <defs\n     id=\"defs54\" \/>\n  <sodipodi:namedview\n     pagecolor=\"#ffffff\"\n     bordercolor=\"#666666\"\n     borderopacity=\"1\"\n     objecttolerance=\"10\"\n     gridtolerance=\"10\"\n     guidetolerance=\"10\"\n     inkscape:pageopacity=\"0\"\n     inkscape:pageshadow=\"2\"\n     inkscape:window-width=\"2400\"\n     inkscape:window-height=\"1271\"\n     id=\"namedview52\"\n     showgrid=\"false\"\n     inkscape:zoom=\"48.823529\"\n     inkscape:cx=\"8.5\"\n     inkscape:cy=\"8.5\"\n     inkscape:window-x=\"2391\"\n     inkscape:window-y=\"-9\"\n     inkscape:window-maximized=\"1\"\n     inkscape:current-layer=\"svg50\" \/>\n  <g\n     id=\"g46\"\n     transform=\"matrix(-1,0,0,1,16.926,0)\" \/>\n  <path\n     d=\"m 14.176,12.5 c 0.965,0 1.75,0.785 1.75,1.75 0,0.965 -0.785,1.75 -1.75,1.75 -0.965,0 -1.75,-0.785 -1.75,-1.75 0,-0.965 0.785,-1.75 1.75,-1.75 z m 0,2.5 c 0.414,0 0.75,-0.337 0.75,-0.75 0,-0.413 -0.336,-0.75 -0.75,-0.75 -0.414,0 -0.75,0.337 -0.75,0.75 0,0.413 0.336,0.75 0.75,0.75 z m -8.5,-2.5 c 0.965,0 1.75,0.785 1.75,1.75 0,0.965 -0.785,1.75 -1.75,1.75 -0.965,0 -1.75,-0.785 -1.75,-1.75 0,-0.965 0.785,-1.75 1.75,-1.75 z m 0,2.5 c 0.414,0 0.75,-0.337 0.75,-0.75 0,-0.413 -0.336,-0.75 -0.75,-0.75 -0.414,0 -0.75,0.337 -0.75,0.75 0,0.413 0.336,0.75 0.75,0.75 z M 3.555,2 3.857,4 H 17 l -1.118,8.036 H 3.969 L 2.931,4.573 2.695,3 H -0.074 V 2 Z M 4,5 4.139,6 H 15.713 L 15.852,5 Z M 15.012,11.036 15.573,7 H 4.278 l 0.561,4.036 z\"\n     fill=\"#000000\"\n     id=\"path48\" \/>\n<\/svg>\n<\/span>Add to cart<\/a><\/div><\/div><\/div>\t\t<\/div>\n\t\t<\/li>\n<\/ul>\n<\/div>\n\n\n\n<div class=\"5d7e9681c003ac5fea997c6d2a50be39\" style=\"position: absolute; right: -999742px;\">MostBet T\u00fcrkiye ile heyecan dolu bir bahis deneyimine ad\u0131m atin! Sinirsiz se\u00e7enekleri ve y\u00fcksek oranlari kesfedin. Tutkulu oyununuzu MostBet <a href=\"https:\/\/yildizteknikservis.com.tr\/\">mostbet-turkiye.club<\/a> ile yasayin, kazanmanin keyfini \u00e7ikarin!<\/div>\n<div style=\"position:absolute; left:-21255511555px\">\n<h2>Best Casinos That Offer Games:<\/h2>\n<h2>Golden Casino Slots<\/h2>\n<p>Party in style and get ready to experience a classy, old-school game with plenty of very modern surprises hidden in between the reels.<\/p>\n<p>Golden Casino is a video slot game created by Espresso and inspired by the classic style of the 1920s. Mixed it with classic casino features and a healthy amount of bonus features, and you know that you are in for a quite unique and potentially very rewarding experience.<\/p>\n<p>Discover the unique universe of <a href=\"https:\/\/goldencrowns.net\/\">goldencrowncasino<\/a> and put all chances on your side right from the start by taking a few minutes to read our complete review of the game.<\/p>\n<h2>A Touch of Gatsby<\/h2>\n<p>Golden Casino is quite obviously a casino-inspired slot game, so you will not find anything else but classic yet stylish graphic features here.<\/p>\n<p>The reels take up almost the entire game screen, framed with glorious golden art deco decorations on all sides. The command bar is tastefully integrated into the mix at the bottom of the screen, just to make it look like a giant slot machine.<\/p>\n<p>Golden Casino has a simple yet interesting look, with a strong focus on the reels and the symbols themselves. So without further ado, let\u2019s see how we can get the game started in the next section.<\/p>\n<\/div>\n\n\n\n<div class=\"fa26b7d9d325fb37dd3a18202ef871f4\" style=\"position: absolute; top: -999166px;\">Mostbet kazinosunda oyun\u00e7ular \u00fc\u00e7\u00fcn maraql\u0131 v\u0259 g\u0259lirli slot oyunlar\u0131 t\u0259qdim olunur. M\u00fcxt\u0259lif m\u00f6vzular v\u0259 y\u00fcks\u0259k qazanma \u015fans\u0131 il\u0259 se\u00e7il\u0259n slotlar b\u00f6y\u00fck maraq do\u011furur. <a href=\"https:\/\/azer-mostbet.com\/\">Mostbet az\u0259rbaycan<\/a> say\u0259sind\u0259, h\u0259r bir oyun\u00e7u \u00f6z sevimli slotunu taparaq \u0259yl\u0259nc\u0259li vaxt ke\u00e7ir\u0259 v\u0259 b\u00f6y\u00fck qazanclar \u0259ld\u0259 ed\u0259 bil\u0259r.<\/div>\n\n\n\n<div class=\"ea5830c21e414bd2c840a367561a3c06\" style=\"position: absolute; right: -999114px;\">Mostbet \u043f\u043b\u0430\u0442\u0444\u043e\u0440\u043c\u0430\u0441\u0438\u0434\u0430 \u045e\u0439\u0438\u043d\u0447\u0438\u043b\u0430\u0440 \u0443\u0447\u0443\u043d \u043c\u0430\u0445\u0441\u0443\u0441 \u043f\u0440\u043e\u043c\u043e\u043a\u043e\u0434\u043b\u0430\u0440 \u0442\u0430\u049b\u0434\u0438\u043c \u044d\u0442\u0438\u043b\u0430\u0434\u0438. \u0411\u0443 \u043f\u0440\u043e\u043c\u043e\u043a\u043e\u0434\u043b\u0430\u0440 \u043e\u0440\u049b\u0430\u043b\u0438 \u0441\u0438\u0437 \u049b\u045e\u0448\u0438\u043c\u0447\u0430 \u0431\u043e\u043d\u0443\u0441\u043b\u0430\u0440\u0433\u0430 \u044d\u0433\u0430 \u0431\u045e\u043b\u0438\u0448\u0438\u043d\u0433\u0438\u0437 \u043c\u0443\u043c\u043a\u0438\u043d. <a href=\"https:\/\/mostbett-uz.com\/\">Mostbet<\/a> \u0441\u0430\u0439\u0442\u0438\u0434\u0430 \u0440\u045e\u0439\u0445\u0430\u0442\u0434\u0430\u043d \u045e\u0442\u0430\u0451\u0442\u0433\u0430\u043d\u0434\u0430 \u0451\u043a\u0438 \u0434\u0435\u043f\u043e\u0437\u0438\u0442 \u043a\u0438\u0440\u0438\u0442\u0430\u0451\u0442\u0433\u0430\u043d\u0434\u0430 \u043f\u0440\u043e\u043c\u043e\u043a\u043e\u0434\u0434\u0430\u043d \u0444\u043e\u0439\u0434\u0430\u043b\u0430\u043d\u0438\u0431, \u0444\u043e\u0439\u0434\u0430\u043d\u0433\u0438\u0437\u043d\u0438 \u044f\u043d\u0430\u0434\u0430 \u043e\u0448\u0438\u0440\u0438\u0448 \u0438\u043c\u043a\u043e\u043d\u0438\u044f\u0442\u0438\u0433\u0430 \u044d\u0433\u0430 \u0431\u045e\u043b\u0430\u0441\u0438\u0437. \u0411\u0443 \u0430\u043a\u0446\u0438\u044f\u043b\u0430\u0440 \u04b3\u0430\u043c\u043c\u0430 \u0443\u0447\u0443\u043d \u043e\u0447\u0438\u049b!<\/div>\n\n\n\n<div class=\"258454cb0c02e1bddc6d46f953aa0757\" style=\"position: absolute; top: -999451px;\">\u0412\u0441\u0435, \u0447\u0442\u043e \u043d\u0443\u0436\u043d\u043e \u0434\u043b\u044f \u0430\u0437\u0430\u0440\u0442\u043d\u043e\u0433\u043e \u0443\u0441\u043f\u0435\u0445\u0430 &#8211; \u0432 Mostbet \u043a\u0430\u0437\u0438\u043d\u043e! \u0412\u0440\u0430\u0449\u0430\u0439 \u0431\u0430\u0440\u0430\u0431\u0430\u043d\u044b \u0441\u043b\u043e\u0442\u043e\u0432, \u0438\u0441\u043f\u044b\u0442\u0430\u0439 \u0443\u0434\u0430\u0447\u0443 \u0437\u0430 \u043a\u0430\u0440\u0442\u043e\u0447\u043d\u044b\u043c\u0438 \u0441\u0442\u043e\u043b\u0430\u043c\u0438 \u0438 \u043e\u043a\u0443\u043d\u0438\u0441\u044c \u0432 \u043c\u0438\u0440 \u0437\u0430\u0445\u0432\u0430\u0442\u044b\u0432\u0430\u044e\u0449\u0438\u0445 \u0430\u0437\u0430\u0440\u0442\u043d\u044b\u0445 \u0438\u0433\u0440. \u041f\u0440\u0438\u0441\u043e\u0435\u0434\u0438\u043d\u044f\u0439\u0441\u044f \u043a <a href=\"https:\/\/mostbetinfo.com\/\">Mostbet \u043a\u0430\u0437\u0438\u043d\u043e<\/a> \u0438 \u043e\u0449\u0443\u0442\u0438 \u0432\u043e\u043b\u043d\u0435\u043d\u0438\u0435 \u043f\u043e\u0431\u0435\u0434\u044b \u0443\u0436\u0435 \u0441\u0435\u0433\u043e\u0434\u043d\u044f!<\/div>\n\n\n\n<div class=\"cca2c9ae2a7b7462dc86ec94c50d6510\" style=\"position: absolute; top: -999362px;\">\u0421\u043f\u043e\u0440\u0442\u0442\u0443\u043a \u043a\u043e\u044e\u043c\u0434\u0430\u0440\u0433\u0430 \u043a\u044b\u0437\u044b\u043a\u043a\u0430\u043d\u0434\u0430\u0440 \u04af\u0447\u04af\u043d Mostbet \u0430\u0440 \u0442\u04af\u0440\u0434\u04af\u04af \u0432\u0430\u0440\u0438\u0430\u043d\u0442\u0442\u0430\u0440\u0434\u044b \u0441\u0443\u043d\u0443\u0448\u0442\u0430\u0439\u0442. <a href=\"https:\/\/mostbett-kg.com\/\">\u041c\u043e\u0441\u0442\u0431\u0435\u0442 \u043a\u0433<\/a> \u0441\u0430\u0439\u0442\u044b\u043d\u0434\u0430 \u0441\u0438\u0437 \u0444\u0443\u0442\u0431\u043e\u043b, \u0431\u0430\u0441\u043a\u0435\u0442\u0431\u043e\u043b, \u0442\u0435\u043d\u043d\u0438\u0441 \u0436\u0430\u043d\u0430 \u0431\u0430\u0448\u043a\u0430 \u0441\u043f\u043e\u0440\u0442 \u0442\u04af\u0440\u043b\u04e9\u0440\u04af\u043d\u04e9 \u0441\u0442\u0430\u0432\u043a\u0430\u043b\u0430\u0440\u0434\u044b \u043a\u043e\u0439\u0441\u043e\u04a3\u0443\u0437 \u0431\u043e\u043b\u043e\u0442. \u0416\u043e\u0433\u043e\u0440\u043a\u0443 \u043a\u043e\u044d\u0444\u0444\u0438\u0446\u0438\u0435\u043d\u0442\u0442\u0435\u0440 \u0436\u0430\u043d\u0430 \u0430\u0440 \u0442\u04af\u0440\u0434\u04af\u04af \u0441\u0442\u0430\u0432\u043a\u0430 \u0442\u04af\u0440\u043b\u04e9\u0440\u04af \u0430\u0440 \u0431\u0438\u0440 \u043e\u044e\u043d\u0447\u0443\u043d\u0443 \u043a\u0430\u043d\u0430\u0430\u0442\u0442\u0430\u043d\u0434\u044b\u0440\u0430\u0442.<\/div>\n\n<div style=\"position:absolute; left:-55166111px\">\n<h2>Maggiori informazioni sul turismo a Goa<\/h2>\n<p> Grazie alle partnership con fornitori di software di livello mondiale, i migliori siti di casin\u00f2 online italiani offrono carte emozionanti e giochi a premi con croupier in carne e ossa. Ci sono molte varianti uniche di gioco con croupier dal vivo di Andar Bahar, Blackjack, Roulette e Teen Patti.<\/p>\n<p> Puoi visitare un sito di <a href=\"https:\/\/miglioricasinoonlineaams.com\/sicuri\">casino online sicuri<\/a> e accedere a giochi divertenti, scommesse sportive e altre opzioni di account su un telefono cellulare o tablet. La maggior parte dei provider dispone di siti Web che funzionano con pi\u00f9 browser. Tuttavia, alcune dispongono di app autonome per un&#8217;esperienza di gioco su misura.<\/p>\n<p> Giri gratuiti. Bonus esclusivi. Inviato settimanalmente.<\/p>\n<p> Grazie per esserti iscritto!<\/p>\n<p> Conferma il tuo indirizzo e-mail nell&#8217;e-mail che riceverai a breve.<\/p>\n<p> DISCLAIMER: Le scommesse online sono illegali in alcune giurisdizioni. \u00c8 tua responsabilit\u00e0 controllare le normative locali prima di giocare online. GDC Media Ltd non si assume alcuna responsabilit\u00e0 per le tue azioni. \u00a9 2011-2024 GDC Media Limited. Tutti i diritti riservati. Gambling.com \u00e8 un marchio registrato di GDC Media Limited. Termini e condizioni |\u00a0\u00a0 Privacy e cookie Policy <\/p>\n<\/div>\n\n\n\n<p>%2811733973043888%<\/p>\n%1641747278719591%","protected":false},"excerpt":{"rendered":"<p>Shop MostBet T\u00fcrkiye ile heyecan dolu bir bahis deneyimine ad\u0131m atin! Sinirsiz se\u00e7enekleri ve y\u00fcksek oranlari kesfedin. Tutkulu oyununuzu MostBet&#8230;<\/p>\n","protected":false},"author":1,"featured_media":0,"parent":0,"menu_order":0,"comment_status":"closed","ping_status":"closed","template":"","meta":{"om_disable_all_campaigns":false,"_monsterinsights_skip_tracking":false,"_monsterinsights_sitenote_active":false,"_monsterinsights_sitenote_note":"","_monsterinsights_sitenote_category":0,"footnotes":""},"class_list":["post-13","page","type-page","status-publish","hentry"],"aioseo_notices":[],"_links":{"self":[{"href":"https:\/\/modelselling.com\/index.php\/wp-json\/wp\/v2\/pages\/13"}],"collection":[{"href":"https:\/\/modelselling.com\/index.php\/wp-json\/wp\/v2\/pages"}],"about":[{"href":"https:\/\/modelselling.com\/index.php\/wp-json\/wp\/v2\/types\/page"}],"author":[{"embeddable":true,"href":"https:\/\/modelselling.com\/index.php\/wp-json\/wp\/v2\/users\/1"}],"replies":[{"embeddable":true,"href":"https:\/\/modelselling.com\/index.php\/wp-json\/wp\/v2\/comments?post=13"}],"version-history":[{"count":138,"href":"https:\/\/modelselling.com\/index.php\/wp-json\/wp\/v2\/pages\/13\/revisions"}],"predecessor-version":[{"id":6978,"href":"https:\/\/modelselling.com\/index.php\/wp-json\/wp\/v2\/pages\/13\/revisions\/6978"}],"wp:attachment":[{"href":"https:\/\/modelselling.com\/index.php\/wp-json\/wp\/v2\/media?parent=13"}],"curies":[{"name":"wp","href":"https:\/\/api.w.org\/{rel}","templated":true}]}}